{"id":2122,"date":"2025-07-27T11:09:58","date_gmt":"2025-07-27T11:09:58","guid":{"rendered":"https:\/\/pensiunea-ruxi.ro\/?page_id=2122"},"modified":"2025-08-25T11:19:58","modified_gmt":"2025-08-25T11:19:58","slug":"contact","status":"publish","type":"page","link":"https:\/\/pensiunea-ruxi.ro\/en\/contact\/","title":{"rendered":"Contact pensiunea Ruxi Curtea de Arge\u0219"},"content":{"rendered":"<div class=\"vc_row wpb_row vc_row-fluid contact-pr-new vc_column-gap-35 vc_row-o-full-height vc_row-o-columns-middle vc_row-flex\"><div class=\"wpb_column vc_column_container vc_col-sm-6 vc_col-has-fill\"><div class=\"vc_column-inner vc_custom_1747221880789\"><div class=\"wpb_wrapper\"> <h2 style=\"color:;padding:px;text-align:;font-size:25px;line-height:25px;letter-spacing: px;font-weight:normal\" class=\"nd_options_first_font\">Informa\u021bii de Contact<\/h2> <div style=\"background-color:;height: 20px\" class=\"nicdark_section\"><\/div>\n\t<div class=\"wpb_text_column wpb_content_element\" >\n\t\t<div class=\"wpb_wrapper\">\n\t\t\t<p><strong>Adres\u0103:<\/strong> Strada Negru Vod\u0103 nr. 104, Curtea de Arge\u0219, jude\u021bul Arge\u0219, Rom\u00e2nia<\/p>\n<p class=\"Default\" style=\"text-align: justify; line-height: 110%; margin: 0in 0in 4.0pt 0in;\"><b>Telefon:<\/b> 0727 82 76 75<\/p>\n<p><strong>Email:<\/strong> <a href=\"mailto:spiru_voinila@yahoo.com\">spiru_voinila@yahoo.com<\/a><\/p>\n<p><strong>Program recep\u021b<\/strong><strong>ie:<\/strong> Zilnic, 08:00 &#8211; 22:00<\/p>\n<p>V\u0103 st\u0103m la dispozi\u021bie pentru orice informa\u021bii sau nel\u0103muriri ave\u021bi. V\u0103 vom r\u0103spunde pe c\u00e2t de repede putem. V\u0103 a\u0219tept\u0103m cu drag \u00een <strong>Curtea de Arges<\/strong>!<\/p>\n\n\t\t<\/div>\n\t<\/div>\n<div style=\"background-color:;height: 20px\" class=\"nicdark_section\"><\/div> <h2 style=\"color:;padding:px;text-align:;font-size:25px;line-height:25px;letter-spacing: px;font-weight:normal\" class=\"nd_options_first_font\">Formular Rezerv\u0103ri<\/h2> <div style=\"background-color:;height: 20px\" class=\"nicdark_section\"><\/div>\n<div class=\"wpcf7 no-js\" id=\"wpcf7-f1751-o1\" lang=\"en-US\" dir=\"ltr\" data-wpcf7-id=\"1751\">\n<div class=\"screen-reader-response\"><p role=\"status\" aria-live=\"polite\" aria-atomic=\"true\"><\/p> <ul><\/ul><\/div>\n<form action=\"\/en\/wp-json\/wp\/v2\/pages\/2122#wpcf7-f1751-o1\" method=\"post\" class=\"wpcf7-form init\" aria-label=\"Contact form\" novalidate=\"novalidate\" data-status=\"init\" data-trp-original-action=\"\/en\/wp-json\/wp\/v2\/pages\/2122#wpcf7-f1751-o1\">\n<fieldset class=\"hidden-fields-container\"><input type=\"hidden\" name=\"_wpcf7\" value=\"1751\" \/><input type=\"hidden\" name=\"_wpcf7_version\" value=\"6.1.3\" \/><input type=\"hidden\" name=\"_wpcf7_locale\" value=\"en_US\" \/><input type=\"hidden\" name=\"_wpcf7_unit_tag\" value=\"wpcf7-f1751-o1\" \/><input type=\"hidden\" name=\"_wpcf7_container_post\" value=\"0\" \/><input type=\"hidden\" name=\"_wpcf7_posted_data_hash\" value=\"\" \/><input type=\"hidden\" name=\"_wpcf7_recaptcha_response\" value=\"\" \/>\n<\/fieldset>\n<p><label> Data sosirii<br \/>\n<span class=\"wpcf7-form-control-wrap\" data-name=\"date-4\"><input class=\"wpcf7-form-control wpcf7-date wpcf7-validates-as-required wpcf7-validates-as-date\" aria-required=\"true\" aria-invalid=\"false\" value=\"data-sosirii\" type=\"date\" name=\"date-4\" \/><\/span> <\/label>\n<\/p>\n<p><label> Data plecarii<br \/>\n<span class=\"wpcf7-form-control-wrap\" data-name=\"date-5\"><input class=\"wpcf7-form-control wpcf7-date wpcf7-validates-as-required wpcf7-validates-as-date\" aria-required=\"true\" aria-invalid=\"false\" value=\"data-plecarii\" type=\"date\" name=\"date-5\" \/><\/span> <\/label>\n<\/p>\n<p><label> Nr. persoane<br \/>\n<span class=\"wpcf7-form-control-wrap\" data-name=\"numar-pers\"><input class=\"wpcf7-form-control wpcf7-number wpcf7-validates-as-required wpcf7-validates-as-number\" min=\"1\" max=\"100\" aria-required=\"true\" aria-invalid=\"false\" value=\"\" type=\"number\" name=\"numar-pers\" \/><\/span> <\/label>\n<\/p>\n<p><label> Nume si Prenume<br \/>\n<span class=\"wpcf7-form-control-wrap\" data-name=\"text-nume\"><input size=\"40\" maxlength=\"400\" class=\"wpcf7-form-control wpcf7-text wpcf7-validates-as-required\" aria-required=\"true\" aria-invalid=\"false\" value=\"\" type=\"text\" name=\"text-nume\" \/><\/span> <\/label>\n<\/p>\n<p><label> Telefon<br \/>\n<span class=\"wpcf7-form-control-wrap\" data-name=\"tel-710\"><input size=\"40\" maxlength=\"400\" class=\"wpcf7-form-control wpcf7-tel wpcf7-validates-as-required wpcf7-text wpcf7-validates-as-tel\" aria-required=\"true\" aria-invalid=\"false\" value=\"telefon\" type=\"tel\" name=\"tel-710\" \/><\/span> <\/label>\n<\/p>\n<p><label> Adresa de e-mail<br \/>\n<span class=\"wpcf7-form-control-wrap\" data-name=\"email-587\"><input size=\"40\" maxlength=\"400\" class=\"wpcf7-form-control wpcf7-email wpcf7-validates-as-required wpcf7-text wpcf7-validates-as-email\" aria-required=\"true\" aria-invalid=\"false\" value=\"e-mail\" type=\"email\" name=\"email-587\" \/><\/span> <\/label>\n<\/p>\n<p><label> Mesaj (optional)<br \/>\n<span class=\"wpcf7-form-control-wrap\" data-name=\"textarea-328\"><textarea cols=\"40\" rows=\"10\" maxlength=\"2000\" class=\"wpcf7-form-control wpcf7-textarea\" aria-invalid=\"false\" name=\"textarea-328\">mesaj<\/textarea><\/span> <\/label>\n<\/p>\n<p><input class=\"wpcf7-form-control wpcf7-submit has-spinner\" type=\"submit\" value=\"Send\" \/>\n<\/p><p style=\"display: none !important;\" class=\"akismet-fields-container\" data-prefix=\"_wpcf7_ak_\"><label>&#916;<textarea name=\"_wpcf7_ak_hp_textarea\" cols=\"45\" rows=\"8\" maxlength=\"100\"><\/textarea><\/label><input type=\"hidden\" id=\"ak_js_1\" name=\"_wpcf7_ak_js\" value=\"20\"\/><script>document.getElementById( \"ak_js_1\" ).setAttribute( \"value\", ( new Date() ).getTime() );<\/script><\/p><div class=\"wpcf7-response-output\" aria-hidden=\"true\"><\/div>\n<input type=\"hidden\" name=\"trp-form-language\" value=\"en\"\/><\/form>\n<\/div>\n<\/div><\/div><\/div><div class=\"wpb_column vc_column_container vc_col-sm-6\"><div class=\"vc_column-inner vc_custom_1754393498680\"><div class=\"wpb_wrapper\"> <h2 style=\"color:;padding:px;text-align:;font-size:25px;line-height:25px;letter-spacing: px;font-weight:normal\" class=\"nd_options_first_font\">Cum Ajungi la Noi<\/h2> \n\t<div class=\"wpb_raw_code wpb_content_element wpb_raw_html\" >\n\t\t<div class=\"wpb_wrapper\">\n\t\t\t<div style=\"width: 100%\"><iframe width=\"100%\" height=\"600\" frameborder=\"0\" scrolling=\"no\" marginheight=\"0\" marginwidth=\"0\" src=\"https:\/\/www.google.com\/maps\/embed?pb=!1m18!1m12!1m3!1d2814.729703076594!2d24.672202076615996!3d45.13181285555422!2m3!1f0!2f0!3f0!3m2!1i1024!2i768!4f13.1!3m3!1m2!1s0x474d33af5f642923%3A0x205bd15e366088ba!2sPensiunea%20Ruxi!5e0!3m2!1sro!2sro!4v1747221570592!5m2!1sro!2sro\" style=\"border:0;\" allowfullscreen=\"\" loading=\"lazy\" referrerpolicy=\"no-referrer-when-downgrade\"><\/iframe><\/div>\n\t\t<\/div>\n\t<\/div>\n<div style=\"background-color:;height: 25px\" class=\"nicdark_section\"><\/div><div class=\"vc_row wpb_row vc_inner vc_row-fluid\"><div class=\"wpb_column vc_column_container vc_col-sm-12\"><div class=\"vc_column-inner\"><div class=\"wpb_wrapper\">\n\t<div class=\"wpb_text_column wpb_content_element\" >\n\t\t<div class=\"wpb_wrapper\">\n\t\t\t<h3><strong>Cu ma\u0219ina:<\/strong><\/h3>\n<ul>\n<li>Din Bucure\u0219ti: mergi pe DN7 spre Pite\u0219ti, apoi continu\u0103 pe DN7C spre Curtea de Arge\u0219 (aproximativ 153 km, 2 ore).<\/li>\n<li>Din Bra\u0219ov: urmeaz\u0103 traseul prin C\u00e2mpulung (aproximativ 135 km, 2 ore \u0219i 30 minute).<\/li>\n<li>Din Sibiu: urmeaz\u0103 traseul prin Rm. V\u00e2lcea &#8211; Valea Oltului (aproximativ 134 km, 2 ore \u0219i 15 minute).<\/li>\n<\/ul>\n<h3><strong>Cu transportul public:<\/strong><\/h3>\n<ul>\n<li>Gara \u0219i autogara Curtea de Arge\u0219 se afl\u0103 la 650 m de pensiune (8 minute de mers pe jos).<\/li>\n<li>Cea mai apropiat\u0103 sta\u021bie de autobuz este la 3 minute de mers pe jos de pensiune.<\/li>\n<\/ul>\n<h3><strong>Program Check-in \/ Check-out<\/strong><\/h3>\n<ul>\n<li><strong>Check-in: 14:00 &#8211; 20:00<\/strong><\/li>\n<li><strong>Check-out: p\u00e2n\u0103 la 12:00<\/strong><\/li>\n<\/ul>\n<p>*Pentru check-in tardiv (dup\u0103 ora 20:00), v\u0103 rug\u0103m s\u0103 ne anun\u021ba\u021bi \u00een prealabil.<\/p>\n\n\t\t<\/div>\n\t<\/div>\n<\/div><\/div><\/div><\/div><\/div><\/div><\/div><\/div><div class=\"vc_row wpb_row vc_row-fluid\"><div class=\"wpb_column vc_column_container vc_col-sm-12\"><div class=\"vc_column-inner\"><div class=\"wpb_wrapper\">\n\t<div class=\"wpb_text_column wpb_content_element\" >\n\t\t<div class=\"wpb_wrapper\">\n\t\t\t<p style=\"text-align: center;\">Prin completarea formularului de contact sau rezervare, sunte\u021bi de acord cu <strong>Politica noastr\u0103 <\/strong><strong>de confiden<\/strong><strong>\u021bialitate<\/strong>\u00a0\u0219i cu prelucrarea datelor personale \u00een scopul solu\u021bion\u0103rii solicit\u0103rii dumneavoastr\u0103.<\/p>\n\n\t\t<\/div>\n\t<\/div>\n<\/div><\/div><\/div><\/div>","protected":false},"excerpt":{"rendered":"Informa\u021bii de Contact Adres\u0103: Strada Negru Vod\u0103 nr. 104, Curtea de Arge\u0219, jude\u021bul Arge\u0219, Rom\u00e2nia Telefon: 0727 82 76 75 Email: spiru_voinila@yahoo.com Program recep\u021bie: Zilnic, 08:00 - 22:00 V\u0103 st\u0103m la dispozi\u021bie pentru orice informa\u021bii sau nel\u0103muriri ave\u021bi. V\u0103 vom r\u0103spunde pe c\u00e2t de repede putem. V\u0103 a\u0219tept\u0103m cu drag \u00een Curtea de Arges! Formular [...]","protected":false},"author":4,"featured_media":0,"parent":0,"menu_order":0,"comment_status":"closed","ping_status":"closed","template":"","meta":{"footnotes":""},"class_list":["post-2122","page","type-page","status-publish","hentry"],"yoast_head":"<!-- This site is optimized with the Yoast SEO plugin v25.1 - https:\/\/yoast.com\/wordpress\/plugins\/seo\/ -->\n<title>Contact Pensiunea Ruxi Curtea de Arge\u0219\u2b50\ufe0fCel mai bun pre\u021b<\/title>\n<meta name=\"description\" content=\"Rezerv\u0103 direct la noi pentru cel mai mic pre\u021b la cazare in Curtea de Arge\u0219!\u2b55\ufe0fCazare Curtea de Arge\u0219\u2b55\ufe0fPensiune Arge\u0219\u2b55\ufe0fCazare aproape de Transfagarasan, Vidraru\" \/>\n<meta name=\"robots\" content=\"index, follow, max-snippet:-1, max-image-preview:large, max-video-preview:-1\" \/>\n<link rel=\"canonical\" href=\"https:\/\/pensiunea-ruxi.ro\/en\/contact\/\" \/>\n<meta property=\"og:locale\" content=\"en_GB\" \/>\n<meta property=\"og:type\" content=\"article\" \/>\n<meta property=\"og:title\" content=\"Contact Pensiunea Ruxi Curtea de Arge\u0219\u2b50\ufe0fCel mai bun pre\u021b\" \/>\n<meta property=\"og:description\" content=\"Rezerv\u0103 direct la noi pentru cel mai mic pre\u021b la cazare in Curtea de Arge\u0219!\u2b55\ufe0fCazare Curtea de Arge\u0219\u2b55\ufe0fPensiune Arge\u0219\u2b55\ufe0fCazare aproape de Transfagarasan, Vidraru\" \/>\n<meta property=\"og:url\" content=\"https:\/\/pensiunea-ruxi.ro\/en\/contact\/\" \/>\n<meta property=\"og:site_name\" content=\"Pensiunea Ruxi\" \/>\n<meta property=\"article:modified_time\" content=\"2025-08-25T11:19:58+00:00\" \/>\n<meta name=\"twitter:card\" content=\"summary_large_image\" \/>\n<meta name=\"twitter:label1\" content=\"Estimated reading time\" \/>\n\t<meta name=\"twitter:data1\" content=\"2 minutes\" \/>\n<script type=\"application\/ld+json\" class=\"yoast-schema-graph\">{\"@context\":\"https:\/\/schema.org\",\"@graph\":[{\"@type\":\"WebPage\",\"@id\":\"https:\/\/pensiunea-ruxi.ro\/contact\/\",\"url\":\"https:\/\/pensiunea-ruxi.ro\/contact\/\",\"name\":\"Contact Pensiunea Ruxi Curtea de Arge\u0219\u2b50\ufe0fCel mai bun pre\u021b\",\"isPartOf\":{\"@id\":\"https:\/\/pensiunea-ruxi.ro\/#website\"},\"datePublished\":\"2025-07-27T11:09:58+00:00\",\"dateModified\":\"2025-08-25T11:19:58+00:00\",\"description\":\"Rezerv\u0103 direct la noi pentru cel mai mic pre\u021b la cazare in Curtea de Arge\u0219!\u2b55\ufe0fCazare Curtea de Arge\u0219\u2b55\ufe0fPensiune Arge\u0219\u2b55\ufe0fCazare aproape de Transfagarasan, Vidraru\",\"breadcrumb\":{\"@id\":\"https:\/\/pensiunea-ruxi.ro\/contact\/#breadcrumb\"},\"inLanguage\":\"en-GB\",\"potentialAction\":[{\"@type\":\"ReadAction\",\"target\":[\"https:\/\/pensiunea-ruxi.ro\/contact\/\"]}]},{\"@type\":\"BreadcrumbList\",\"@id\":\"https:\/\/pensiunea-ruxi.ro\/contact\/#breadcrumb\",\"itemListElement\":[{\"@type\":\"ListItem\",\"position\":1,\"name\":\"Prima pagin\u0103\",\"item\":\"https:\/\/pensiunea-ruxi.ro\/\"},{\"@type\":\"ListItem\",\"position\":2,\"name\":\"Contact pensiunea Ruxi Curtea de Arge\u0219\"}]},{\"@type\":\"WebSite\",\"@id\":\"https:\/\/pensiunea-ruxi.ro\/#website\",\"url\":\"https:\/\/pensiunea-ruxi.ro\/\",\"name\":\"Pensiunea Ruxi\",\"description\":\"Cazare Curtea de Arge\u0219\",\"publisher\":{\"@id\":\"https:\/\/pensiunea-ruxi.ro\/#organization\"},\"potentialAction\":[{\"@type\":\"SearchAction\",\"target\":{\"@type\":\"EntryPoint\",\"urlTemplate\":\"https:\/\/pensiunea-ruxi.ro\/?s={search_term_string}\"},\"query-input\":{\"@type\":\"PropertyValueSpecification\",\"valueRequired\":true,\"valueName\":\"search_term_string\"}}],\"inLanguage\":\"en-GB\"},{\"@type\":\"Organization\",\"@id\":\"https:\/\/pensiunea-ruxi.ro\/#organization\",\"name\":\"Pensiunea Ruxi\",\"alternateName\":\"Pensiunea Ruxi - Curtea de Arges\",\"url\":\"https:\/\/pensiunea-ruxi.ro\/\",\"logo\":{\"@type\":\"ImageObject\",\"inLanguage\":\"en-GB\",\"@id\":\"https:\/\/pensiunea-ruxi.ro\/#\/schema\/logo\/image\/\",\"url\":\"https:\/\/pensiunea-ruxi.ro\/wp-content\/uploads\/2021\/01\/SIGLA-PENSIUNEA-RUXI.jpg\",\"contentUrl\":\"https:\/\/pensiunea-ruxi.ro\/wp-content\/uploads\/2021\/01\/SIGLA-PENSIUNEA-RUXI.jpg\",\"width\":528,\"height\":128,\"caption\":\"Pensiunea Ruxi\"},\"image\":{\"@id\":\"https:\/\/pensiunea-ruxi.ro\/#\/schema\/logo\/image\/\"}}]}<\/script>\n<!-- \/ Yoast SEO plugin. -->","yoast_head_json":{"title":"Contact Pensiunea Ruxi Curtea de Arge\u0219\u2b50\ufe0fCel mai bun pre\u021b","description":"Rezerv\u0103 direct la noi pentru cel mai mic pre\u021b la cazare in Curtea de Arge\u0219!\u2b55\ufe0fCazare Curtea de Arge\u0219\u2b55\ufe0fPensiune Arge\u0219\u2b55\ufe0fCazare aproape de Transfagarasan, Vidraru","robots":{"index":"index","follow":"follow","max-snippet":"max-snippet:-1","max-image-preview":"max-image-preview:large","max-video-preview":"max-video-preview:-1"},"canonical":"https:\/\/pensiunea-ruxi.ro\/en\/contact\/","og_locale":"en_GB","og_type":"article","og_title":"Contact Pensiunea Ruxi Curtea de Arge\u0219\u2b50\ufe0fCel mai bun pre\u021b","og_description":"Rezerv\u0103 direct la noi pentru cel mai mic pre\u021b la cazare in Curtea de Arge\u0219!\u2b55\ufe0fCazare Curtea de Arge\u0219\u2b55\ufe0fPensiune Arge\u0219\u2b55\ufe0fCazare aproape de Transfagarasan, Vidraru","og_url":"https:\/\/pensiunea-ruxi.ro\/en\/contact\/","og_site_name":"Pensiunea Ruxi","article_modified_time":"2025-08-25T11:19:58+00:00","twitter_card":"summary_large_image","twitter_misc":{"Estimated reading time":"2 minutes"},"schema":{"@context":"https:\/\/schema.org","@graph":[{"@type":"WebPage","@id":"https:\/\/pensiunea-ruxi.ro\/contact\/","url":"https:\/\/pensiunea-ruxi.ro\/contact\/","name":"Contact Pensiunea Ruxi Curtea de Arge\u0219\u2b50\ufe0fCel mai bun pre\u021b","isPartOf":{"@id":"https:\/\/pensiunea-ruxi.ro\/#website"},"datePublished":"2025-07-27T11:09:58+00:00","dateModified":"2025-08-25T11:19:58+00:00","description":"Rezerv\u0103 direct la noi pentru cel mai mic pre\u021b la cazare in Curtea de Arge\u0219!\u2b55\ufe0fCazare Curtea de Arge\u0219\u2b55\ufe0fPensiune Arge\u0219\u2b55\ufe0fCazare aproape de Transfagarasan, Vidraru","breadcrumb":{"@id":"https:\/\/pensiunea-ruxi.ro\/contact\/#breadcrumb"},"inLanguage":"en-GB","potentialAction":[{"@type":"ReadAction","target":["https:\/\/pensiunea-ruxi.ro\/contact\/"]}]},{"@type":"BreadcrumbList","@id":"https:\/\/pensiunea-ruxi.ro\/contact\/#breadcrumb","itemListElement":[{"@type":"ListItem","position":1,"name":"Prima pagin\u0103","item":"https:\/\/pensiunea-ruxi.ro\/"},{"@type":"ListItem","position":2,"name":"Contact pensiunea Ruxi Curtea de Arge\u0219"}]},{"@type":"WebSite","@id":"https:\/\/pensiunea-ruxi.ro\/#website","url":"https:\/\/pensiunea-ruxi.ro\/","name":"Pensiunea Ruxi","description":"Cazare Curtea de Arge\u0219","publisher":{"@id":"https:\/\/pensiunea-ruxi.ro\/#organization"},"potentialAction":[{"@type":"SearchAction","target":{"@type":"EntryPoint","urlTemplate":"https:\/\/pensiunea-ruxi.ro\/?s={search_term_string}"},"query-input":{"@type":"PropertyValueSpecification","valueRequired":true,"valueName":"search_term_string"}}],"inLanguage":"en-GB"},{"@type":"Organization","@id":"https:\/\/pensiunea-ruxi.ro\/#organization","name":"Pensiunea Ruxi","alternateName":"Pensiunea Ruxi - Curtea de Arges","url":"https:\/\/pensiunea-ruxi.ro\/","logo":{"@type":"ImageObject","inLanguage":"en-GB","@id":"https:\/\/pensiunea-ruxi.ro\/#\/schema\/logo\/image\/","url":"https:\/\/pensiunea-ruxi.ro\/wp-content\/uploads\/2021\/01\/SIGLA-PENSIUNEA-RUXI.jpg","contentUrl":"https:\/\/pensiunea-ruxi.ro\/wp-content\/uploads\/2021\/01\/SIGLA-PENSIUNEA-RUXI.jpg","width":528,"height":128,"caption":"Pensiunea Ruxi"},"image":{"@id":"https:\/\/pensiunea-ruxi.ro\/#\/schema\/logo\/image\/"}}]}},"_links":{"self":[{"href":"https:\/\/pensiunea-ruxi.ro\/en\/wp-json\/wp\/v2\/pages\/2122","targetHints":{"allow":["GET"]}}],"collection":[{"href":"https:\/\/pensiunea-ruxi.ro\/en\/wp-json\/wp\/v2\/pages"}],"about":[{"href":"https:\/\/pensiunea-ruxi.ro\/en\/wp-json\/wp\/v2\/types\/page"}],"author":[{"embeddable":true,"href":"https:\/\/pensiunea-ruxi.ro\/en\/wp-json\/wp\/v2\/users\/4"}],"replies":[{"embeddable":true,"href":"https:\/\/pensiunea-ruxi.ro\/en\/wp-json\/wp\/v2\/comments?post=2122"}],"version-history":[{"count":14,"href":"https:\/\/pensiunea-ruxi.ro\/en\/wp-json\/wp\/v2\/pages\/2122\/revisions"}],"predecessor-version":[{"id":2297,"href":"https:\/\/pensiunea-ruxi.ro\/en\/wp-json\/wp\/v2\/pages\/2122\/revisions\/2297"}],"wp:attachment":[{"href":"https:\/\/pensiunea-ruxi.ro\/en\/wp-json\/wp\/v2\/media?parent=2122"}],"curies":[{"name":"wp","href":"https:\/\/api.w.org\/{rel}","templated":true}]}}