{"id":2097,"date":"2025-07-23T18:30:08","date_gmt":"2025-07-23T18:30:08","guid":{"rendered":"https:\/\/pensiunea-ruxi.ro\/?page_id=2097"},"modified":"2025-08-22T13:58:05","modified_gmt":"2025-08-22T13:58:05","slug":"camere","status":"publish","type":"page","link":"https:\/\/pensiunea-ruxi.ro\/en\/camere\/","title":{"rendered":""},"content":{"rendered":"<div data-vc-full-width=\"true\" data-vc-full-width-init=\"false\" class=\"vc_row wpb_row vc_row-fluid vc_custom_1632228358370 vc_row-has-fill\"><div class=\"wpb_column vc_column_container vc_col-sm-12\"><div class=\"vc_column-inner\"><div class=\"wpb_wrapper\"> <h1 style=\"color:#a3a3a3;padding:px;text-align:center;font-size:20px;line-height:px;letter-spacing: 2px;font-weight:bold\" class=\"nd_options_second_font\">Cazare la pensiunea Ruxi \u00een Curtea de Arge\u0219<\/h1> <div style=\"background-color:;height: 10px\" class=\"nicdark_section\"><\/div>\n    <div class=\"nd_options_section nd_options_line_height_0  nd_options_text_align_center\">\n        <span style=\"height:1px;width:30px;background-color:#878787\" class=\"nd_options_display_inline_block\"><\/span>\n    <\/div>\n   <\/div><\/div><\/div><\/div><div class=\"vc_row-full-width vc_clearfix\"><\/div><div class=\"vc_row wpb_row vc_row-fluid\"><div class=\"wpb_column vc_column_container vc_col-sm-12\"><div class=\"vc_column-inner\"><div class=\"wpb_wrapper\">\n\t<div class=\"wpb_text_column wpb_content_element\" >\n\t\t<div class=\"wpb_wrapper\">\n\t\t\t<h3 style=\"text-align: center;\">La Pensiunea Ruxi, prima pensiune deschis\u0103 \u00een Curtea de Arge\u0219, ne str\u0103duim s\u0103 oferim op\u021biuni de cazare care s\u0103 r\u0103spund\u0103 tuturor nevoilor tale. Fie c\u0103 e\u0219ti \u00eentr-o c\u0103l\u0103torie de afaceri, \u00een vacan\u021b\u0103 cu familia sau doar \u00een tranzit, camerele noastre \u00ee\u021bi ofer\u0103 \u021bie \u0219i celor dragi tot confortul de care ave\u021bi nevoie, la un pre\u021b accesibil.<\/h3>\n\n\t\t<\/div>\n\t<\/div>\n<div style=\"background-color:;height: 10px\" class=\"nicdark_section\"><\/div><div class=\"vc_row wpb_row vc_inner vc_row-fluid\"><div class=\"wpb_column vc_column_container vc_col-sm-12\"><div class=\"vc_column-inner\"><div class=\"wpb_wrapper\"> <h2 style=\"color:;padding:px;text-align:center;font-size:px;line-height:px;letter-spacing: px;font-weight:bold\" class=\"\">Camer\u0103 Dubl\u0103 Matrimonial\u0103<\/h2> \n    <div style=\"text-align:center\" class=\"nd_options_section\">\n      <img decoding=\"async\" alt=\"\" style=\"width:50%\" class=\"rooms-image nd_options_margin_0 nd_options_padding_0\" src=\"https:\/\/pensiunea-ruxi.ro\/wp-content\/uploads\/2017\/06\/cam-dubla-matrimoniala-1-1024x768.jpg\">\n    <\/div>\n   \n\t<div class=\"wpb_text_column wpb_content_element\" >\n\t\t<div class=\"wpb_wrapper\">\n\t\t\t<p>Cele 8 camere duble matrimoniale sunt alegerea ideal\u0103 pentru cupluri sau persoane care c\u0103l\u0103toresc singure \u0219i \u00ee\u0219i doresc mai mult spa\u021biu. Fiecare camer\u0103 este dotat\u0103 cu:<\/p>\n<p>\u2705 Pat matrimonial confortabil<\/p>\n<p>\u2705 Baie privat\u0103 cu cabin\u0103 de du\u0219 (prosoape incluse)<\/p>\n<p>\u2705 Aer condi\u021bionat<\/p>\n<p>\u2705 TV LED cu canale diverse<\/p>\n<p>\u2705 Internet wireless de mare vitez\u0103<\/p>\n<p>\u2705 Usc\u0103tor de p\u0103r<\/p>\n<p><strong>Capacitate maxim\u0103<\/strong>: 2 adul\u021bi + 1 copil sau 3 adul\u021bi (cu pat suplimentar)<\/p>\n<p><strong>Extra<\/strong>: Pentru \u0219ederi scurte (o noapte), putem pune la dispozi\u021bie un pat pliant. Pentru \u0219ederi mai lungi, camerele duble matrimoniale pot fi transformate \u00een camere twin la cerere.<\/p>\n<p><a class=\"home-btn-25\" href=\"https:\/\/pensiunea-ruxi.ro\/en\/contact\/\">Rezerv\u0103 aici pentru cel mai bun pre\u021b<\/a><\/p>\n\n\t\t<\/div>\n\t<\/div>\n <h2 style=\"color:;padding:px;text-align:center;font-size:px;line-height:px;letter-spacing: px;font-weight:bold\" class=\"\">Twin room<\/h2> \n    <div style=\"text-align:center\" class=\"nd_options_section\">\n      <img decoding=\"async\" alt=\"\" style=\"width:50%\" class=\"rooms-image nd_options_margin_0 nd_options_padding_0\" src=\"https:\/\/pensiunea-ruxi.ro\/wp-content\/uploads\/2017\/06\/cam-twin-1024x768.jpg\">\n    <\/div>\n   \n\t<div class=\"wpb_text_column wpb_content_element\" >\n\t\t<div class=\"wpb_wrapper\">\n\t\t\t<p>Cele 3 camere twin sunt perfecte pentru persoane care c\u0103l\u0103toresc \u00eempreun\u0103, dar prefer\u0103 paturi separate sau pentru familii cu 1 copil:<\/p>\n<p>\u2705 2 paturi single confortabile<\/p>\n<p>\u2705 Baie privat\u0103 cu cabin\u0103 de du\u0219 (prosoape incluse)<\/p>\n<p>\u2705 TV LED<\/p>\n<p>\u2705 Internet wireless de mare vitez\u0103<\/p>\n<p>\u2705 Usc\u0103tor de p\u0103r<\/p>\n<p><strong>Capacitate maxim\u0103:<\/strong> 2 adul\u021bi sau 2 adul\u021bi + 1 copil (cu pat suplimentar)<\/p>\n<p><strong>Extra<\/strong>: Pentru \u0219ederi mai lungi, exist\u0103 posibilitatea de a instala un pat suplimentar fix \u00een camerele twin.<\/p>\n<p><a class=\"home-btn-25\" href=\"https:\/\/pensiunea-ruxi.ro\/en\/contact\/\">Rezerv\u0103 aici pentru cel mai bun pre\u021b<\/a><\/p>\n\n\t\t<\/div>\n\t<\/div>\n <h2 style=\"color:;padding:px;text-align:center;font-size:px;line-height:px;letter-spacing: px;font-weight:bold\" class=\"\">Triple room<\/h2> \n    <div style=\"text-align:center\" class=\"nd_options_section\">\n      <img decoding=\"async\" alt=\"\" style=\"width:50%\" class=\"rooms-image nd_options_margin_0 nd_options_padding_0\" src=\"https:\/\/pensiunea-ruxi.ro\/wp-content\/uploads\/2025\/07\/cam-tripla-1resized-one.jpg\">\n    <\/div>\n   \n\t<div class=\"wpb_text_column wpb_content_element\" >\n\t\t<div class=\"wpb_wrapper\">\n\t\t\t<p>Cele 2 camere triple sunt ideale pentru familii sau grupuri mici de prieteni:<\/p>\n<p>\u2705 3 paturi single sau 1 pat dublu + 1 pat single<\/p>\n<p>\u2705 Baie privat\u0103 cu cabin\u0103 de du\u0219 (prosoape incluse)<\/p>\n<p>\u2705 Aer condi\u021bionat<\/p>\n<p>\u2705 TV LED<\/p>\n<p>\u2705 Internet wireless de mare vitez\u0103<\/p>\n<p>\u2705 Usc\u0103tor de p\u0103r<\/p>\n<p><strong>Capacitate maxim\u0103:<\/strong> 3 adul\u021bi sau 2 adul\u021bi + 2 copii (\u00een func\u021bie de v\u00e2rst\u0103, cu pat de bebelu\u0219i)<\/p>\n<p><a class=\"home-btn-25\" href=\"https:\/\/pensiunea-ruxi.ro\/en\/contact\/\">Rezerv\u0103 aici pentru cel mai bun pre\u021b<\/a><\/p>\n\n\t\t<\/div>\n\t<\/div>\n\n\t<div class=\"wpb_raw_code wpb_content_element wpb_raw_html\" >\n\t\t<div class=\"wpb_wrapper\">\n\t\t\t<div class=\"info-vacation-card text-center\">\n<h3 class=\"info-vacation-card-title\">Accept\u0103m plata in numerar, plata cu cardul, dar \u0219i vouchere valorice \u0219i tichete de vacan\u021b\u0103! <\/h3>\n<\/div>\n\t\t<\/div>\n\t<\/div>\n<\/div><\/div><\/div><\/div><div style=\"background-color:;height: 60px\" class=\"nicdark_section\"><\/div><\/div><\/div><\/div><\/div><div data-vc-full-width=\"true\" data-vc-full-width-init=\"false\" class=\"vc_row wpb_row vc_row-fluid vc_custom_1614173463013 vc_row-has-fill\"><div class=\"wpb_column vc_column_container vc_col-sm-12\"><div class=\"vc_column-inner\"><div class=\"wpb_wrapper\"><div class=\"vc_row wpb_row vc_inner vc_row-fluid\"><div class=\"wpb_column vc_column_container vc_col-sm-6\"><div class=\"vc_column-inner\"><div class=\"wpb_wrapper\"> <h2 style=\"color:;padding:10px;text-align:center;font-size:16px;line-height:px;letter-spacing: px;font-weight:bold\" class=\"nd_options_first_font\">Servicii Gratuite Oferite de Pensiunea Ruxi din Curtea de Arge\u0219<\/h2> \n\t<div class=\"wpb_text_column wpb_content_element\" >\n\t\t<div class=\"wpb_wrapper\">\n\t\t\t<p>Pentru a-\u021bi face \u0219ederea c\u00e2t mai pl\u0103cut\u0103, beneficiezi din partea casei de:<\/p>\n<p>\u2705 Acces la internet \u00een toat\u0103 pensiunea;<\/p>\n<p>\u2705 Cablu TV \u00een toate camerele;<\/p>\n<p>\u2705 P\u0103turi, prosoape sau perne suplimentare, la cerere;<\/p>\n<p>\u2705 Parcare gratuit\u0103 \u00een limita locurilor disponibile (6 locuri \u00een curte \u0219i 3 locuri \u00een fa\u021ba pensiunii);<\/p>\n<p>\u2705 Trezire 24h\/24 la ora solicitat\u0103;<\/p>\n<p>\u2705 Preluare\/predare coresponden\u021b\u0103;<\/p>\n<p>\u2705 Expedierea coresponden\u021bei tale;<\/p>\n<p>\u2705 Sfaturi \u0219i informa\u021bii despre mersul trenurilor \u0219i al autobuzelor spre alte localit\u0103\u021bi;<\/p>\n<p>\u2705 P\u0103strarea obiectele uitate;<\/p>\n<p>\u2705 Comand\u0103 taxi.<\/p>\n\n\t\t<\/div>\n\t<\/div>\n<\/div><\/div><\/div><div class=\"wpb_column vc_column_container vc_col-sm-6\"><div class=\"vc_column-inner\"><div class=\"wpb_wrapper\"> <h2 style=\"color:;padding:10px;text-align:center;font-size:16px;line-height:px;letter-spacing: px;font-weight:bold\" class=\"nd_options_first_font\">Servicii suplimentare, la cerere<\/h2> \n\t<div class=\"wpb_text_column wpb_content_element\" >\n\t\t<div class=\"wpb_wrapper\">\n\t\t\t<p>\u00cen plus, \u00ee\u021bi punem la dispozi\u021bie urm\u0103toarele servicii contra cost:<\/p>\n<p>\u2705 Expedierea prin retur la domiciliu a scrisorilor \u0219i obiectelor dup\u0103 plecare.<\/p>\n<p>\u2705 Multiplic\u0103ri documente.<\/p>\n<p>\u2705 Sp\u0103lare obiecte de \u00eembr\u0103c\u0103minte personal\u0103.<\/p>\n<p>\u2705 Transfer de la pensiune la gar\u0103\/autogar\u0103.<\/p>\n\n\t\t<\/div>\n\t<\/div>\n<\/div><\/div><\/div><\/div><div class=\"vc_separator wpb_content_element vc_separator_align_center vc_sep_width_100 vc_sep_pos_align_center vc_separator_no_text vc_sep_color_grey vc_custom_1753296233124  vc_custom_1753296233124\" ><span class=\"vc_sep_holder vc_sep_holder_l\"><span  class=\"vc_sep_line\"><\/span><\/span><span class=\"vc_sep_holder vc_sep_holder_r\"><span  class=\"vc_sep_line\"><\/span><\/span>\n<\/div><div class=\"vc_row wpb_row vc_inner vc_row-fluid\"><div class=\"wpb_column vc_column_container vc_col-sm-6\"><div class=\"vc_column-inner\"><div class=\"wpb_wrapper\"> <h2 style=\"color:;padding:10px;text-align:center;font-size:16px;line-height:px;letter-spacing: px;font-weight:bold\" class=\"nd_options_first_font\">Facilit\u0103\u021bi pentru Copii \u0219i Familii<\/h2> \n\t<div class=\"wpb_text_column wpb_content_element\" >\n\t\t<div class=\"wpb_wrapper\">\n\t\t\t<p>Ne-am g\u00e2ndit \u0219i la cei mici, oferind:<\/p>\n<p>\u2705 P\u0103tu\u021b pentru bebelu\u0219i disponibil la cerere.<\/p>\n<p>\u2705 Tobogan \u0219i echipamente de joac\u0103 \u00een gr\u0103din\u0103.<\/p>\n<p>\u2705 Buc\u0103t\u0103rie utilat\u0103 pentru a preg\u0103ti laptele, gustarea sau m\u00e2nc\u0103rica preferat\u0103 a celor mici.<\/p>\n<p>\u2705 \u0218ezlonguri pentru relaxarea \u00eentregii familii \u00een gr\u0103dina de 80 m\u00b2 \u00een timpul sezonului cald.<\/p>\n\n\t\t<\/div>\n\t<\/div>\n<\/div><\/div><\/div><div class=\"wpb_column vc_column_container vc_col-sm-6\"><div class=\"vc_column-inner\"><div class=\"wpb_wrapper\"> <h2 style=\"color:;padding:10px;text-align:center;font-size:16px;line-height:px;letter-spacing: px;font-weight:bold\" class=\"nd_options_first_font\">Animale de Companie<\/h2> \n\t<div class=\"wpb_text_column wpb_content_element\" >\n\t\t<div class=\"wpb_wrapper\">\n\t\t\t<p>\ud83d\udc3e Pensiunea Ruxi accept\u0103 pisici \u0219i c\u00e2ini de talie mic\u0103, pentru c\u0103 \u00een\u021belegem c\u0103 prietenii t\u0103i bl\u0103no\u0219i sunt parte din familie.<\/p>\n\n\t\t<\/div>\n\t<\/div>\n<\/div><\/div><\/div><\/div><div class=\"vc_separator wpb_content_element vc_separator_align_center vc_sep_width_100 vc_sep_pos_align_center vc_separator_no_text vc_sep_color_grey vc_custom_1753296257717  vc_custom_1753296257717\" ><span class=\"vc_sep_holder vc_sep_holder_l\"><span  class=\"vc_sep_line\"><\/span><\/span><span class=\"vc_sep_holder vc_sep_holder_r\"><span  class=\"vc_sep_line\"><\/span><\/span>\n<\/div><div class=\"vc_row wpb_row vc_inner vc_row-fluid\"><div class=\"wpb_column vc_column_container vc_col-sm-6\"><div class=\"vc_column-inner\"><div class=\"wpb_wrapper\"> <h2 style=\"color:;padding:10px;text-align:center;font-size:16px;line-height:px;letter-spacing: px;font-weight:bold\" class=\"nd_options_first_font\">Cur\u0103\u021benie \u0219i Confort<\/h2> \n\t<div class=\"wpb_text_column wpb_content_element\" >\n\t\t<div class=\"wpb_wrapper\">\n\t\t\t<p>Ne m\u00e2ndrim cu standardele noastre de cur\u0103\u021benie:<\/p>\n<p>\u2705 Facem o cur\u0103\u021benie temeinic\u0103, zilnic, inclusiv \u00een baie.<\/p>\n<p>\u2705 Schimb\u0103m prosoapele zilnic.<\/p>\n<p>\u2705 Schimb\u0103m lenjeria de pat la fiecare 3 zile.<\/p>\n\n\t\t<\/div>\n\t<\/div>\n<div style=\"background-color:;height: 50px\" class=\"nicdark_section\"><\/div><\/div><\/div><\/div><div class=\"wpb_column vc_column_container vc_col-sm-6\"><div class=\"vc_column-inner\"><div class=\"wpb_wrapper\"> <h2 style=\"color:;padding:10px;text-align:center;font-size:16px;line-height:px;letter-spacing: px;font-weight:bold\" class=\"nd_options_first_font\">Parcare gratuit\u0103<\/h2> \n\t<div class=\"wpb_text_column wpb_content_element\" >\n\t\t<div class=\"wpb_wrapper\">\n\t\t\t<p>Parcarea pe proprietatea noastr\u0103 este gratuit\u0103, \u00een limita locurilor disponibile. \u00cen cazul \u00een care parcarea noastr\u0103 este ocupat\u0103 \u00een totalitate, exist\u0103 posibilitatea de parcare pe o strad\u0103 lateral\u0103, aproape de pensiune.<\/p>\n\n\t\t<\/div>\n\t<\/div>\n<\/div><\/div><\/div><\/div><div class=\"vc_separator wpb_content_element vc_separator_align_center vc_sep_width_100 vc_sep_pos_align_center vc_separator_no_text vc_sep_color_grey vc_custom_1753296276643  vc_custom_1753296276643\" ><span class=\"vc_sep_holder vc_sep_holder_l\"><span  class=\"vc_sep_line\"><\/span><\/span><span class=\"vc_sep_holder vc_sep_holder_r\"><span  class=\"vc_sep_line\"><\/span><\/span>\n<\/div><div class=\"vc_row wpb_row vc_inner vc_row-fluid\"><div class=\"wpb_column vc_column_container vc_col-sm-12\"><div class=\"vc_column-inner\"><div class=\"wpb_wrapper\">\n\t<div class=\"wpb_text_column wpb_content_element\" >\n\t\t<div class=\"wpb_wrapper\">\n\t\t\t<p style=\"text-align: center;\">Pentru orice \u00eentreb\u0103ri sau alte detalii, \u00ee\u021bi st\u0103m oric\u00e2nd la dispozi\u021bie! Nu ezita s\u0103 ne scrii, s\u0103 ne suni sau s\u0103 ne la\u0219i un mesaj.<\/p>\n<p style=\"text-align: center;\">Te a\u0219tept\u0103m cu drag\u2764\ufe0f la pensiunea Ruxi, \u00een Curtea de Arge\u0219!<\/p>\n<p style=\"text-align: center;\"><a class=\"home-btn-25\" href=\"https:\/\/pensiunea-ruxi.ro\/en\/contact\/\">Rezerv\u0103 aici pentru cel mai bun pre\u021b<\/a><\/p>\n\n\t\t<\/div>\n\t<\/div>\n<div style=\"background-color:;height: 30px\" class=\"nicdark_section\"><\/div><\/div><\/div><\/div><\/div><\/div><\/div><\/div><\/div><div class=\"vc_row-full-width vc_clearfix\"><\/div>","protected":false},"excerpt":{"rendered":"Cazare la pensiunea Ruxi \u00een Curtea de Arge\u0219 La Pensiunea Ruxi, prima pensiune deschis\u0103 \u00een Curtea de Arge\u0219, ne str\u0103duim s\u0103 oferim op\u021biuni de cazare care s\u0103 r\u0103spund\u0103 tuturor nevoilor tale. Fie c\u0103 e\u0219ti \u00eentr-o c\u0103l\u0103torie de afaceri, \u00een vacan\u021b\u0103 cu familia sau doar \u00een tranzit, camerele noastre \u00ee\u021bi ofer\u0103 \u021bie \u0219i celor dragi tot [...]","protected":false},"author":4,"featured_media":0,"parent":0,"menu_order":0,"comment_status":"closed","ping_status":"closed","template":"","meta":{"footnotes":""},"class_list":["post-2097","page","type-page","status-publish","hentry"],"yoast_head":"<!-- This site is optimized with the Yoast SEO plugin v25.1 - https:\/\/yoast.com\/wordpress\/plugins\/seo\/ -->\n<title>- Pensiunea Ruxi<\/title>\n<meta name=\"robots\" content=\"index, follow, max-snippet:-1, max-image-preview:large, max-video-preview:-1\" \/>\n<link rel=\"canonical\" href=\"https:\/\/pensiunea-ruxi.ro\/en\/camere\/\" \/>\n<meta property=\"og:locale\" content=\"en_GB\" \/>\n<meta property=\"og:type\" content=\"article\" \/>\n<meta property=\"og:title\" content=\"- Pensiunea Ruxi\" \/>\n<meta property=\"og:url\" content=\"https:\/\/pensiunea-ruxi.ro\/en\/camere\/\" \/>\n<meta property=\"og:site_name\" content=\"Pensiunea Ruxi\" \/>\n<meta property=\"article:modified_time\" content=\"2025-08-22T13:58:05+00:00\" \/>\n<meta name=\"twitter:card\" content=\"summary_large_image\" \/>\n<meta name=\"twitter:label1\" content=\"Estimated reading time\" \/>\n\t<meta name=\"twitter:data1\" content=\"5 minutes\" \/>\n<script type=\"application\/ld+json\" class=\"yoast-schema-graph\">{\"@context\":\"https:\/\/schema.org\",\"@graph\":[{\"@type\":\"WebPage\",\"@id\":\"https:\/\/pensiunea-ruxi.ro\/camere\/\",\"url\":\"https:\/\/pensiunea-ruxi.ro\/camere\/\",\"name\":\"- Pensiunea Ruxi\",\"isPartOf\":{\"@id\":\"https:\/\/pensiunea-ruxi.ro\/#website\"},\"datePublished\":\"2025-07-23T18:30:08+00:00\",\"dateModified\":\"2025-08-22T13:58:05+00:00\",\"inLanguage\":\"en-GB\",\"potentialAction\":[{\"@type\":\"ReadAction\",\"target\":[\"https:\/\/pensiunea-ruxi.ro\/camere\/\"]}]},{\"@type\":\"WebSite\",\"@id\":\"https:\/\/pensiunea-ruxi.ro\/#website\",\"url\":\"https:\/\/pensiunea-ruxi.ro\/\",\"name\":\"Pensiunea Ruxi\",\"description\":\"Cazare Curtea de Arge\u0219\",\"publisher\":{\"@id\":\"https:\/\/pensiunea-ruxi.ro\/#organization\"},\"potentialAction\":[{\"@type\":\"SearchAction\",\"target\":{\"@type\":\"EntryPoint\",\"urlTemplate\":\"https:\/\/pensiunea-ruxi.ro\/?s={search_term_string}\"},\"query-input\":{\"@type\":\"PropertyValueSpecification\",\"valueRequired\":true,\"valueName\":\"search_term_string\"}}],\"inLanguage\":\"en-GB\"},{\"@type\":\"Organization\",\"@id\":\"https:\/\/pensiunea-ruxi.ro\/#organization\",\"name\":\"Pensiunea Ruxi\",\"alternateName\":\"Pensiunea Ruxi - Curtea de Arges\",\"url\":\"https:\/\/pensiunea-ruxi.ro\/\",\"logo\":{\"@type\":\"ImageObject\",\"inLanguage\":\"en-GB\",\"@id\":\"https:\/\/pensiunea-ruxi.ro\/#\/schema\/logo\/image\/\",\"url\":\"https:\/\/pensiunea-ruxi.ro\/wp-content\/uploads\/2021\/01\/SIGLA-PENSIUNEA-RUXI.jpg\",\"contentUrl\":\"https:\/\/pensiunea-ruxi.ro\/wp-content\/uploads\/2021\/01\/SIGLA-PENSIUNEA-RUXI.jpg\",\"width\":528,\"height\":128,\"caption\":\"Pensiunea Ruxi\"},\"image\":{\"@id\":\"https:\/\/pensiunea-ruxi.ro\/#\/schema\/logo\/image\/\"}}]}<\/script>\n<!-- \/ Yoast SEO plugin. -->","yoast_head_json":{"title":"- Pensiunea Ruxi","robots":{"index":"index","follow":"follow","max-snippet":"max-snippet:-1","max-image-preview":"max-image-preview:large","max-video-preview":"max-video-preview:-1"},"canonical":"https:\/\/pensiunea-ruxi.ro\/en\/camere\/","og_locale":"en_GB","og_type":"article","og_title":"- Pensiunea Ruxi","og_url":"https:\/\/pensiunea-ruxi.ro\/en\/camere\/","og_site_name":"Pensiunea Ruxi","article_modified_time":"2025-08-22T13:58:05+00:00","twitter_card":"summary_large_image","twitter_misc":{"Estimated reading time":"5 minutes"},"schema":{"@context":"https:\/\/schema.org","@graph":[{"@type":"WebPage","@id":"https:\/\/pensiunea-ruxi.ro\/camere\/","url":"https:\/\/pensiunea-ruxi.ro\/camere\/","name":"- Pensiunea Ruxi","isPartOf":{"@id":"https:\/\/pensiunea-ruxi.ro\/#website"},"datePublished":"2025-07-23T18:30:08+00:00","dateModified":"2025-08-22T13:58:05+00:00","inLanguage":"en-GB","potentialAction":[{"@type":"ReadAction","target":["https:\/\/pensiunea-ruxi.ro\/camere\/"]}]},{"@type":"WebSite","@id":"https:\/\/pensiunea-ruxi.ro\/#website","url":"https:\/\/pensiunea-ruxi.ro\/","name":"Pensiunea Ruxi","description":"Cazare Curtea de Arge\u0219","publisher":{"@id":"https:\/\/pensiunea-ruxi.ro\/#organization"},"potentialAction":[{"@type":"SearchAction","target":{"@type":"EntryPoint","urlTemplate":"https:\/\/pensiunea-ruxi.ro\/?s={search_term_string}"},"query-input":{"@type":"PropertyValueSpecification","valueRequired":true,"valueName":"search_term_string"}}],"inLanguage":"en-GB"},{"@type":"Organization","@id":"https:\/\/pensiunea-ruxi.ro\/#organization","name":"Pensiunea Ruxi","alternateName":"Pensiunea Ruxi - Curtea de Arges","url":"https:\/\/pensiunea-ruxi.ro\/","logo":{"@type":"ImageObject","inLanguage":"en-GB","@id":"https:\/\/pensiunea-ruxi.ro\/#\/schema\/logo\/image\/","url":"https:\/\/pensiunea-ruxi.ro\/wp-content\/uploads\/2021\/01\/SIGLA-PENSIUNEA-RUXI.jpg","contentUrl":"https:\/\/pensiunea-ruxi.ro\/wp-content\/uploads\/2021\/01\/SIGLA-PENSIUNEA-RUXI.jpg","width":528,"height":128,"caption":"Pensiunea Ruxi"},"image":{"@id":"https:\/\/pensiunea-ruxi.ro\/#\/schema\/logo\/image\/"}}]}},"_links":{"self":[{"href":"https:\/\/pensiunea-ruxi.ro\/en\/wp-json\/wp\/v2\/pages\/2097","targetHints":{"allow":["GET"]}}],"collection":[{"href":"https:\/\/pensiunea-ruxi.ro\/en\/wp-json\/wp\/v2\/pages"}],"about":[{"href":"https:\/\/pensiunea-ruxi.ro\/en\/wp-json\/wp\/v2\/types\/page"}],"author":[{"embeddable":true,"href":"https:\/\/pensiunea-ruxi.ro\/en\/wp-json\/wp\/v2\/users\/4"}],"replies":[{"embeddable":true,"href":"https:\/\/pensiunea-ruxi.ro\/en\/wp-json\/wp\/v2\/comments?post=2097"}],"version-history":[{"count":14,"href":"https:\/\/pensiunea-ruxi.ro\/en\/wp-json\/wp\/v2\/pages\/2097\/revisions"}],"predecessor-version":[{"id":2263,"href":"https:\/\/pensiunea-ruxi.ro\/en\/wp-json\/wp\/v2\/pages\/2097\/revisions\/2263"}],"wp:attachment":[{"href":"https:\/\/pensiunea-ruxi.ro\/en\/wp-json\/wp\/v2\/media?parent=2097"}],"curies":[{"name":"wp","href":"https:\/\/api.w.org\/{rel}","templated":true}]}}